{"id":9598,"date":"2025-09-10T15:13:02","date_gmt":"2025-09-10T13:13:02","guid":{"rendered":"https:\/\/dev.lesmoulinsfamiliaux.com\/?page_id=9598"},"modified":"2026-01-07T12:01:33","modified_gmt":"2026-01-07T11:01:33","slug":"press","status":"publish","type":"page","link":"https:\/\/lesmoulinsfamiliaux.com\/en\/press\/","title":{"rendered":"Press"},"content":{"rendered":"<p><div class=\"fusion-fullwidth fullwidth-box fusion-builder-row-1 fusion-flex-container has-pattern-background has-mask-background fusion-parallax-none hundred-percent-fullwidth non-hundred-percent-height-scrolling\" style=\"--awb-border-radius-top-left:0px;--awb-border-radius-top-right:0px;--awb-border-radius-bottom-right:0px;--awb-border-radius-bottom-left:0px;--awb-padding-top:250px;--awb-padding-right:0px;--awb-padding-bottom:40px;--awb-padding-left:0px;--awb-padding-top-small:130px;--awb-padding-right-small:0%;--awb-padding-bottom-small:10px;--awb-padding-left-small:0%;--awb-background-image:url(&quot;https:\/\/lesmoulinsfamiliaux.com\/wp-content\/uploads\/2025\/07\/shutterstock_1253503882-1-compressed.jpg&quot;);--awb-background-size:cover;--awb-flex-wrap:wrap;\" ><div class=\"fusion-builder-row fusion-row fusion-flex-align-items-flex-start fusion-flex-content-wrap\" style=\"width:104% !important;max-width:104% !important;margin-left: calc(-4% \/ 2 );margin-right: calc(-4% \/ 2 );\"><div class=\"fusion-layout-column fusion_builder_column fusion-builder-column-0 fusion_builder_column_1_1 1_1 fusion-flex-column fusion-animated\" style=\"--awb-bg-size:cover;--awb-width-large:100%;--awb-margin-top-large:0px;--awb-spacing-right-large:1.92%;--awb-margin-bottom-large:0px;--awb-spacing-left-large:1.92%;--awb-width-medium:100%;--awb-order-medium:0;--awb-spacing-right-medium:1.92%;--awb-spacing-left-medium:1.92%;--awb-width-small:100%;--awb-order-small:0;--awb-spacing-right-small:1.92%;--awb-spacing-left-small:1.92%;\" data-animationtype=\"fadeInLeft\" data-animationduration=\"1.0\" data-animationoffset=\"top-into-view\"><div class=\"fusion-column-wrapper fusion-column-has-shadow fusion-flex-justify-content-flex-start fusion-content-layout-column\"><div class=\"fusion-separator\" style=\"align-self: flex-start;margin-right:auto;width:100%;max-width:22%;\"><div class=\"fusion-separator-border sep-single sep-solid\" style=\"--awb-height:20px;--awb-amount:20px;--awb-sep-color:#c7c017;border-color:#c7c017;border-top-width:2px;\"><\/div><\/div><\/div><\/div><div class=\"fusion-layout-column fusion_builder_column fusion-builder-column-1 fusion_builder_column_2_3 2_3 fusion-flex-column fusion-animated\" style=\"--awb-padding-top:40px;--awb-padding-bottom:50px;--awb-padding-right-small:6%;--awb-padding-left-small:6%;--awb-bg-size:cover;--awb-width-large:66.666666666667%;--awb-margin-top-large:0px;--awb-spacing-right-large:2.88%;--awb-margin-bottom-large:0px;--awb-spacing-left-large:8.64%;--awb-width-medium:75%;--awb-order-medium:0;--awb-spacing-right-medium:2.56%;--awb-spacing-left-medium:10.24%;--awb-width-small:100%;--awb-order-small:0;--awb-spacing-right-small:1.92%;--awb-spacing-left-small:1.92%;\" data-animationtype=\"fadeInLeft\" data-animationduration=\"1.0\" data-animationoffset=\"top-into-view\"><div class=\"fusion-column-wrapper fusion-column-has-shadow fusion-flex-justify-content-flex-start fusion-content-layout-column\"><div class=\"fusion-title title fusion-title-1 fusion-sep-none fusion-title-text fusion-title-size-one titre nous-connaitre-h1\" style=\"--awb-text-color:#ffffff;--awb-margin-top:0px;--awb-margin-bottom:25px;--awb-margin-bottom-small:25px;--awb-font-size:50px;\"><h1 class=\"fusion-title-heading title-heading-left\" style=\"margin:0;letter-spacing:0.5px;text-transform:uppercase;font-size:1em;\">Press area<\/h1><\/div><div class=\"fusion-text fusion-text-1 fusion-text-no-margin texte text-bloc\" style=\"--awb-content-alignment:left;--awb-font-size:18px;--awb-letter-spacing:0.5px;--awb-text-color:#ffffff;--awb-text-font-family:&quot;Instrument Sans&quot;;--awb-text-font-style:normal;--awb-text-font-weight:400;\"><p>Whether you're a journalist, a partner or just curious about the milling industry, here you'll find everything you need to understand our approach, our commitments and our vision of the profession.<\/p>\n<\/div><\/div><\/div><\/div><\/div><div class=\"fusion-fullwidth fullwidth-box fusion-builder-row-2 fusion-flex-container has-pattern-background has-mask-background fusion-parallax-none hundred-percent-fullwidth non-hundred-percent-height-scrolling\" style=\"--awb-background-position:left center;--awb-border-radius-top-left:0px;--awb-border-radius-top-right:0px;--awb-border-radius-bottom-right:0px;--awb-border-radius-bottom-left:0px;--awb-padding-top:90px;--awb-padding-right:2%;--awb-padding-bottom:120px;--awb-padding-left:2%;--awb-padding-right-small:6%;--awb-padding-bottom-small:100px;--awb-padding-left-small:6%;--awb-margin-bottom:0px;--awb-background-image:url(&quot;https:\/\/lesmoulinsfamiliaux.com\/wp-content\/uploads\/2025\/07\/Frame-1618873123.png&quot;);--awb-background-size:;--awb-flex-wrap:wrap;\" ><div class=\"fusion-builder-row fusion-row fusion-flex-align-items-flex-start fusion-flex-content-wrap\" style=\"width:104% !important;max-width:104% !important;margin-left: calc(-4% \/ 2 );margin-right: calc(-4% \/ 2 );\"><div class=\"fusion-layout-column fusion_builder_column fusion-builder-column-2 fusion_builder_column_1_1 1_1 fusion-flex-column\" style=\"--awb-padding-right:6%;--awb-padding-left:6%;--awb-padding-right-small:6%;--awb-padding-left-small:6%;--awb-bg-size:cover;--awb-width-large:100%;--awb-margin-top-large:0px;--awb-spacing-right-large:1.92%;--awb-margin-bottom-large:40px;--awb-spacing-left-large:1.92%;--awb-width-medium:100%;--awb-order-medium:0;--awb-spacing-right-medium:1.92%;--awb-spacing-left-medium:1.92%;--awb-width-small:100%;--awb-order-small:0;--awb-spacing-right-small:1.92%;--awb-spacing-left-small:1.92%;\"><div class=\"fusion-column-wrapper fusion-column-has-shadow fusion-flex-justify-content-flex-start fusion-content-layout-column\"><div class=\"fusion-image-element\" style=\"text-align:center;--awb-margin-top:0px;--awb-margin-right:0px;--awb-margin-bottom:15px;--awb-margin-left:0px;--awb-caption-title-font-family:var(--h2_typography-font-family);--awb-caption-title-font-weight:var(--h2_typography-font-weight);--awb-caption-title-font-style:var(--h2_typography-font-style);--awb-caption-title-size:var(--h2_typography-font-size);--awb-caption-title-transform:var(--h2_typography-text-transform);--awb-caption-title-line-height:var(--h2_typography-line-height);--awb-caption-title-letter-spacing:var(--h2_typography-letter-spacing);\"><span class=\"fusion-imageframe imageframe-none imageframe-1 hover-type-none\"><img decoding=\"async\" width=\"38\" height=\"38\" alt=\"les-moulins-familiaux-icon\" src=\"https:\/\/lesmoulinsfamiliaux.com\/wp-content\/uploads\/2025\/06\/les-moulins-familiaux-icon.svg\" class=\"img-responsive wp-image-45\"\/><\/span><\/div><div class=\"fusion-title title fusion-title-2 fusion-sep-none fusion-title-center fusion-title-text fusion-title-size-two titre home-h2-title\" style=\"--awb-text-color:#4b4b4b;--awb-margin-top:0px;--awb-margin-bottom:25px;--awb-font-size:50px;\"><h2 class=\"fusion-title-heading title-heading-center\" style=\"margin:0;letter-spacing:3.5px;text-transform:uppercase;font-size:1em;\">Our press releases<\/h2><\/div><div class=\"fusion-text fusion-text-2 fusion-text-no-margin texte text-bloc\" style=\"--awb-content-alignment:center;--awb-font-size:18px;--awb-letter-spacing:0.5px;--awb-text-color:#353535;--awb-text-font-family:&quot;Instrument Sans&quot;;--awb-text-font-style:normal;--awb-text-font-weight:400;\"><p>Download our press publications to gain insight into our approach and follow our work supporting artisan bakers and pastry chefs.<\/p>\n<\/div><\/div><\/div><div class=\"fusion-layout-column fusion_builder_column fusion-builder-column-3 fusion_builder_column_1_1 1_1 fusion-flex-column fusion-animated\" style=\"--awb-bg-size:cover;--awb-width-large:100%;--awb-margin-top-large:30px;--awb-spacing-right-large:5.76%;--awb-margin-bottom-large:20px;--awb-spacing-left-large:5.76%;--awb-width-medium:100%;--awb-order-medium:0;--awb-spacing-right-medium:5.76%;--awb-spacing-left-medium:5.76%;--awb-width-small:100%;--awb-order-small:0;--awb-spacing-right-small:1.92%;--awb-spacing-left-small:1.92%;\" data-animationtype=\"fadeInLeft\" data-animationduration=\"1.0\" data-animationoffset=\"top-into-view\"><div class=\"fusion-column-wrapper fusion-column-has-shadow fusion-flex-justify-content-flex-start fusion-content-layout-column\"><\/div><\/div><\/div><\/div><\/p>","protected":false},"excerpt":{"rendered":"","protected":false},"author":2,"featured_media":10039,"parent":0,"menu_order":0,"comment_status":"closed","ping_status":"closed","template":"100-width.php","meta":{"_acf_changed":false,"inline_featured_image":false,"footnotes":""},"class_list":["post-9598","page","type-page","status-publish","has-post-thumbnail","hentry"],"acf":[],"yoast_head":"<!-- This site is optimized with the Yoast SEO plugin v26.5 - https:\/\/yoast.com\/wordpress\/plugins\/seo\/ -->\n<title>Actualit\u00e9s des Moulins Familiaux \u2013 Espace Presse<\/title>\n<meta name=\"description\" content=\"Suivez les communiqu\u00e9s de presse des Moulins Familiaux : nouveaut\u00e9s, \u00e9v\u00e9nements, innovations et vie de notre meunerie artisanale en France.\" \/>\n<meta name=\"robots\" content=\"index, follow, max-snippet:-1, max-image-preview:large, max-video-preview:-1\" \/>\n<link rel=\"canonical\" href=\"https:\/\/lesmoulinsfamiliaux.com\/en\/press\/\" \/>\n<meta property=\"og:locale\" content=\"en_US\" \/>\n<meta property=\"og:type\" content=\"article\" \/>\n<meta property=\"og:title\" content=\"Actualit\u00e9s des Moulins Familiaux \u2013 Espace Presse\" \/>\n<meta property=\"og:description\" content=\"Suivez les communiqu\u00e9s de presse des Moulins Familiaux : nouveaut\u00e9s, \u00e9v\u00e9nements, innovations et vie de notre meunerie artisanale en France.\" \/>\n<meta property=\"og:url\" content=\"https:\/\/lesmoulinsfamiliaux.com\/en\/press\/\" \/>\n<meta property=\"og:site_name\" content=\"Les Moulins Familiaux\" \/>\n<meta property=\"article:modified_time\" content=\"2026-01-07T11:01:33+00:00\" \/>\n<meta property=\"og:image\" content=\"https:\/\/lesmoulinsfamiliaux.com\/wp-content\/uploads\/2025\/11\/academie.jpg\" \/>\n\t<meta property=\"og:image:width\" content=\"896\" \/>\n\t<meta property=\"og:image:height\" content=\"494\" \/>\n\t<meta property=\"og:image:type\" content=\"image\/jpeg\" \/>\n<meta name=\"twitter:card\" content=\"summary_large_image\" \/>\n<meta name=\"twitter:label1\" content=\"Est. reading time\" \/>\n\t<meta name=\"twitter:data1\" content=\"1 minute\" \/>\n<script type=\"application\/ld+json\" class=\"yoast-schema-graph\">{\"@context\":\"https:\/\/schema.org\",\"@graph\":[{\"@type\":\"WebPage\",\"@id\":\"https:\/\/lesmoulinsfamiliaux.com\/presse\/\",\"url\":\"https:\/\/lesmoulinsfamiliaux.com\/presse\/\",\"name\":\"Actualit\u00e9s des Moulins Familiaux \u2013 Espace Presse\",\"isPartOf\":{\"@id\":\"https:\/\/lesmoulinsfamiliaux.com\/#website\"},\"primaryImageOfPage\":{\"@id\":\"https:\/\/lesmoulinsfamiliaux.com\/presse\/#primaryimage\"},\"image\":{\"@id\":\"https:\/\/lesmoulinsfamiliaux.com\/presse\/#primaryimage\"},\"thumbnailUrl\":\"https:\/\/lesmoulinsfamiliaux.com\/wp-content\/uploads\/2025\/11\/academie.jpg\",\"datePublished\":\"2025-09-10T13:13:02+00:00\",\"dateModified\":\"2026-01-07T11:01:33+00:00\",\"description\":\"Suivez les communiqu\u00e9s de presse des Moulins Familiaux : nouveaut\u00e9s, \u00e9v\u00e9nements, innovations et vie de notre meunerie artisanale en France.\",\"breadcrumb\":{\"@id\":\"https:\/\/lesmoulinsfamiliaux.com\/presse\/#breadcrumb\"},\"inLanguage\":\"en-US\",\"potentialAction\":[{\"@type\":\"ReadAction\",\"target\":[\"https:\/\/lesmoulinsfamiliaux.com\/presse\/\"]}]},{\"@type\":\"ImageObject\",\"inLanguage\":\"en-US\",\"@id\":\"https:\/\/lesmoulinsfamiliaux.com\/presse\/#primaryimage\",\"url\":\"https:\/\/lesmoulinsfamiliaux.com\/wp-content\/uploads\/2025\/11\/academie.jpg\",\"contentUrl\":\"https:\/\/lesmoulinsfamiliaux.com\/wp-content\/uploads\/2025\/11\/academie.jpg\",\"width\":896,\"height\":494,\"caption\":\"stage \u00e0 l'acad\u00e9mie des moulins familiaux\"},{\"@type\":\"BreadcrumbList\",\"@id\":\"https:\/\/lesmoulinsfamiliaux.com\/presse\/#breadcrumb\",\"itemListElement\":[{\"@type\":\"ListItem\",\"position\":1,\"name\":\"Accueil\",\"item\":\"https:\/\/lesmoulinsfamiliaux.com\/\"},{\"@type\":\"ListItem\",\"position\":2,\"name\":\"Presse\"}]},{\"@type\":\"WebSite\",\"@id\":\"https:\/\/lesmoulinsfamiliaux.com\/#website\",\"url\":\"https:\/\/lesmoulinsfamiliaux.com\/\",\"name\":\"Les Moulins Familiaux\",\"description\":\"\",\"potentialAction\":[{\"@type\":\"SearchAction\",\"target\":{\"@type\":\"EntryPoint\",\"urlTemplate\":\"https:\/\/lesmoulinsfamiliaux.com\/?s={search_term_string}\"},\"query-input\":{\"@type\":\"PropertyValueSpecification\",\"valueRequired\":true,\"valueName\":\"search_term_string\"}}],\"inLanguage\":\"en-US\"}]}<\/script>\n<!-- \/ Yoast SEO plugin. -->","yoast_head_json":{"title":"News from Les Moulins Familiaux - Press area","description":"Follow Les Moulins Familiaux's press releases: news, events, innovations and the life of our artisan mill in France.","robots":{"index":"index","follow":"follow","max-snippet":"max-snippet:-1","max-image-preview":"max-image-preview:large","max-video-preview":"max-video-preview:-1"},"canonical":"https:\/\/lesmoulinsfamiliaux.com\/en\/press\/","og_locale":"en_US","og_type":"article","og_title":"Actualit\u00e9s des Moulins Familiaux \u2013 Espace Presse","og_description":"Suivez les communiqu\u00e9s de presse des Moulins Familiaux : nouveaut\u00e9s, \u00e9v\u00e9nements, innovations et vie de notre meunerie artisanale en France.","og_url":"https:\/\/lesmoulinsfamiliaux.com\/en\/press\/","og_site_name":"Les Moulins Familiaux","article_modified_time":"2026-01-07T11:01:33+00:00","og_image":[{"width":896,"height":494,"url":"https:\/\/lesmoulinsfamiliaux.com\/wp-content\/uploads\/2025\/11\/academie.jpg","type":"image\/jpeg"}],"twitter_card":"summary_large_image","twitter_misc":{"Est. reading time":"1 minute"},"schema":{"@context":"https:\/\/schema.org","@graph":[{"@type":"WebPage","@id":"https:\/\/lesmoulinsfamiliaux.com\/presse\/","url":"https:\/\/lesmoulinsfamiliaux.com\/presse\/","name":"News from Les Moulins Familiaux - Press area","isPartOf":{"@id":"https:\/\/lesmoulinsfamiliaux.com\/#website"},"primaryImageOfPage":{"@id":"https:\/\/lesmoulinsfamiliaux.com\/presse\/#primaryimage"},"image":{"@id":"https:\/\/lesmoulinsfamiliaux.com\/presse\/#primaryimage"},"thumbnailUrl":"https:\/\/lesmoulinsfamiliaux.com\/wp-content\/uploads\/2025\/11\/academie.jpg","datePublished":"2025-09-10T13:13:02+00:00","dateModified":"2026-01-07T11:01:33+00:00","description":"Follow Les Moulins Familiaux's press releases: news, events, innovations and the life of our artisan mill in France.","breadcrumb":{"@id":"https:\/\/lesmoulinsfamiliaux.com\/presse\/#breadcrumb"},"inLanguage":"en-US","potentialAction":[{"@type":"ReadAction","target":["https:\/\/lesmoulinsfamiliaux.com\/presse\/"]}]},{"@type":"ImageObject","inLanguage":"en-US","@id":"https:\/\/lesmoulinsfamiliaux.com\/presse\/#primaryimage","url":"https:\/\/lesmoulinsfamiliaux.com\/wp-content\/uploads\/2025\/11\/academie.jpg","contentUrl":"https:\/\/lesmoulinsfamiliaux.com\/wp-content\/uploads\/2025\/11\/academie.jpg","width":896,"height":494,"caption":"stage \u00e0 l'acad\u00e9mie des moulins familiaux"},{"@type":"BreadcrumbList","@id":"https:\/\/lesmoulinsfamiliaux.com\/presse\/#breadcrumb","itemListElement":[{"@type":"ListItem","position":1,"name":"Accueil","item":"https:\/\/lesmoulinsfamiliaux.com\/"},{"@type":"ListItem","position":2,"name":"Presse"}]},{"@type":"WebSite","@id":"https:\/\/lesmoulinsfamiliaux.com\/#website","url":"https:\/\/lesmoulinsfamiliaux.com\/","name":"Family Mills","description":"","potentialAction":[{"@type":"SearchAction","target":{"@type":"EntryPoint","urlTemplate":"https:\/\/lesmoulinsfamiliaux.com\/?s={search_term_string}"},"query-input":{"@type":"PropertyValueSpecification","valueRequired":true,"valueName":"search_term_string"}}],"inLanguage":"en-US"}]}},"_links":{"self":[{"href":"https:\/\/lesmoulinsfamiliaux.com\/en\/wp-json\/wp\/v2\/pages\/9598","targetHints":{"allow":["GET"]}}],"collection":[{"href":"https:\/\/lesmoulinsfamiliaux.com\/en\/wp-json\/wp\/v2\/pages"}],"about":[{"href":"https:\/\/lesmoulinsfamiliaux.com\/en\/wp-json\/wp\/v2\/types\/page"}],"author":[{"embeddable":true,"href":"https:\/\/lesmoulinsfamiliaux.com\/en\/wp-json\/wp\/v2\/users\/2"}],"replies":[{"embeddable":true,"href":"https:\/\/lesmoulinsfamiliaux.com\/en\/wp-json\/wp\/v2\/comments?post=9598"}],"version-history":[{"count":21,"href":"https:\/\/lesmoulinsfamiliaux.com\/en\/wp-json\/wp\/v2\/pages\/9598\/revisions"}],"predecessor-version":[{"id":10717,"href":"https:\/\/lesmoulinsfamiliaux.com\/en\/wp-json\/wp\/v2\/pages\/9598\/revisions\/10717"}],"wp:featuredmedia":[{"embeddable":true,"href":"https:\/\/lesmoulinsfamiliaux.com\/en\/wp-json\/wp\/v2\/media\/10039"}],"wp:attachment":[{"href":"https:\/\/lesmoulinsfamiliaux.com\/en\/wp-json\/wp\/v2\/media?parent=9598"}],"curies":[{"name":"wp","href":"https:\/\/api.w.org\/{rel}","templated":true}]}}